{"id":37,"date":"2025-02-06T15:25:12","date_gmt":"2025-02-06T15:25:12","guid":{"rendered":"https:\/\/rolf-thalmann.de\/a-propos-de-nous\/"},"modified":"2025-02-07T07:48:28","modified_gmt":"2025-02-07T07:48:28","slug":"a-propos-de-nous","status":"publish","type":"page","link":"https:\/\/rolf-thalmann.de\/ro\/a-propos-de-nous\/","title":{"rendered":"Despre noi"},"content":{"rendered":"<p>Blogul nostru este o surs\u0103 de inspira\u021bie pentru oricine tr\u0103ie\u0219te \u0219i respir\u0103 dup\u0103 mod\u0103. Aici, explor\u0103m cele mai recente tendin\u021be, analiz\u0103m stiluri emblematice \u0219i \u00eemp\u0103rt\u0103\u0219im sfaturi practice care s\u0103 te ajute s\u0103-\u021bi afirmi identitatea vestimentar\u0103.<\/p>\n<p><img loading=\"lazy\" decoding=\"async\" class=\"aligncenter wp-image-36 size-full\" src=\"https:\/\/rolf-thalmann.de\/wp-content\/uploads\/2025\/02\/stilnaya-zrelaya-zhenshhina-progulivaetsya-vozle-gorodskogo-zdaniya-odetaya-v-dzhinsovye-bryuki-kargo.jpg\" alt=\"\" width=\"612\" height=\"408\" srcset=\"https:\/\/rolf-thalmann.de\/wp-content\/uploads\/2025\/02\/stilnaya-zrelaya-zhenshhina-progulivaetsya-vozle-gorodskogo-zdaniya-odetaya-v-dzhinsovye-bryuki-kargo.jpg 612w, https:\/\/rolf-thalmann.de\/wp-content\/uploads\/2025\/02\/stilnaya-zrelaya-zhenshhina-progulivaetsya-vozle-gorodskogo-zdaniya-odetaya-v-dzhinsovye-bryuki-kargo-300x200.jpg 300w\" sizes=\"auto, (max-width: 612px) 100vw, 612px\" \/><\/p>\n<h2>Ce ve\u021bi g\u0103si pe site-ul nostru<\/h2>\n<ul>\n<li>Articole despre tendin\u021bele actuale \u0219i viitoare<\/li>\n<li>Ghiduri de stil pentru toate ocaziile<\/li>\n<li>Analiza colec\u021biilor marilor case de mod\u0103<\/li>\n<li>Sfaturi pentru combinarea pieselor \u0219i crearea unui aspect unic<\/li>\n<li>Interviuri \u0219i portrete ale creatorilor \u0219i influencerilor<\/li>\n<\/ul>\n<h2>De ce s\u0103 ne urma\u021bi?<\/h2>\n<p>Nu urm\u0103rim doar moda; o explor\u0103m \u00een toate fa\u021betele ei. Fie c\u0103 e\u0219ti pasionat de haute couture sau un fan al \u0219icului casual, blogul nostru este aliatul t\u0103u pentru a fi mereu la curent cu cele mai recente tendin\u021be.<\/p>","protected":false},"excerpt":{"rendered":"<p>Blogul nostru este o surs\u0103 de inspira\u021bie pentru to\u021bi cei care tr\u0103iesc \u0219i respir\u0103 mod\u0103. Aici, explor\u0103m cele mai recente...<\/p>","protected":false},"author":1,"featured_media":0,"parent":0,"menu_order":0,"comment_status":"closed","ping_status":"closed","template":"","meta":{"_acf_changed":false,"footnotes":""},"class_list":["post-37","page","type-page","status-publish","hentry"],"acf":[],"yoast_head":"<!-- This site is optimized with the Yoast SEO plugin v23.2 - https:\/\/yoast.com\/wordpress\/plugins\/seo\/ -->\n<title>\u00c0 propos de nous - rolf-thalmann.de<\/title>\n<meta name=\"robots\" content=\"index, follow, max-snippet:-1, max-image-preview:large, max-video-preview:-1\" \/>\n<link rel=\"canonical\" href=\"https:\/\/rolf-thalmann.de\/ro\/a-propos-de-nous\/\" \/>\n<meta property=\"og:locale\" content=\"ro_RO\" \/>\n<meta property=\"og:type\" content=\"article\" \/>\n<meta property=\"og:title\" content=\"\u00c0 propos de nous - rolf-thalmann.de\" \/>\n<meta property=\"og:description\" content=\"Notre blog est une source d\u2019inspiration pour tous ceux qui vivent et respirent la mode. Ici, nous explorons les derni\u00e8res\" \/>\n<meta property=\"og:url\" content=\"https:\/\/rolf-thalmann.de\/ro\/a-propos-de-nous\/\" \/>\n<meta property=\"og:site_name\" content=\"rolf-thalmann.de\" \/>\n<meta property=\"article:modified_time\" content=\"2025-02-07T07:48:28+00:00\" \/>\n<meta property=\"og:image\" content=\"https:\/\/rolf-thalmann.de\/wp-content\/uploads\/2025\/02\/stilnaya-zrelaya-zhenshhina-progulivaetsya-vozle-gorodskogo-zdaniya-odetaya-v-dzhinsovye-bryuki-kargo.jpg\" \/>\n<meta name=\"twitter:card\" content=\"summary_large_image\" \/>\n<meta name=\"twitter:label1\" content=\"Timp estimat pentru citire\" \/>\n\t<meta name=\"twitter:data1\" content=\"2 minute\" \/>\n<script type=\"application\/ld+json\" class=\"yoast-schema-graph\">{\"@context\":\"https:\/\/schema.org\",\"@graph\":[{\"@type\":\"WebPage\",\"@id\":\"https:\/\/rolf-thalmann.de\/a-propos-de-nous\/\",\"url\":\"https:\/\/rolf-thalmann.de\/a-propos-de-nous\/\",\"name\":\"\u00c0 propos de nous - rolf-thalmann.de\",\"isPartOf\":{\"@id\":\"https:\/\/rolf-thalmann.de\/#website\"},\"primaryImageOfPage\":{\"@id\":\"https:\/\/rolf-thalmann.de\/a-propos-de-nous\/#primaryimage\"},\"image\":{\"@id\":\"https:\/\/rolf-thalmann.de\/a-propos-de-nous\/#primaryimage\"},\"thumbnailUrl\":\"https:\/\/rolf-thalmann.de\/wp-content\/uploads\/2025\/02\/stilnaya-zrelaya-zhenshhina-progulivaetsya-vozle-gorodskogo-zdaniya-odetaya-v-dzhinsovye-bryuki-kargo.jpg\",\"datePublished\":\"2025-02-06T15:25:12+00:00\",\"dateModified\":\"2025-02-07T07:48:28+00:00\",\"breadcrumb\":{\"@id\":\"https:\/\/rolf-thalmann.de\/a-propos-de-nous\/#breadcrumb\"},\"inLanguage\":\"ro-RO\",\"potentialAction\":[{\"@type\":\"ReadAction\",\"target\":[\"https:\/\/rolf-thalmann.de\/a-propos-de-nous\/\"]}]},{\"@type\":\"ImageObject\",\"inLanguage\":\"ro-RO\",\"@id\":\"https:\/\/rolf-thalmann.de\/a-propos-de-nous\/#primaryimage\",\"url\":\"https:\/\/rolf-thalmann.de\/wp-content\/uploads\/2025\/02\/stilnaya-zrelaya-zhenshhina-progulivaetsya-vozle-gorodskogo-zdaniya-odetaya-v-dzhinsovye-bryuki-kargo.jpg\",\"contentUrl\":\"https:\/\/rolf-thalmann.de\/wp-content\/uploads\/2025\/02\/stilnaya-zrelaya-zhenshhina-progulivaetsya-vozle-gorodskogo-zdaniya-odetaya-v-dzhinsovye-bryuki-kargo.jpg\"},{\"@type\":\"BreadcrumbList\",\"@id\":\"https:\/\/rolf-thalmann.de\/a-propos-de-nous\/#breadcrumb\",\"itemListElement\":[{\"@type\":\"ListItem\",\"position\":1,\"name\":\"Home\",\"item\":\"https:\/\/rolf-thalmann.de\/\"},{\"@type\":\"ListItem\",\"position\":2,\"name\":\"\u00c0 propos de nous\"}]},{\"@type\":\"WebSite\",\"@id\":\"https:\/\/rolf-thalmann.de\/#website\",\"url\":\"https:\/\/rolf-thalmann.de\/\",\"name\":\"rolf-thalmann.de\",\"description\":\"Style Parfait: Suivez les tendances et adoptez un look intemporel\",\"potentialAction\":[{\"@type\":\"SearchAction\",\"target\":{\"@type\":\"EntryPoint\",\"urlTemplate\":\"https:\/\/rolf-thalmann.de\/?s={search_term_string}\"},\"query-input\":\"required name=search_term_string\"}],\"inLanguage\":\"ro-RO\"}]}<\/script>\n<!-- \/ Yoast SEO plugin. -->","yoast_head_json":{"title":"\u00c0 propos de nous - rolf-thalmann.de","robots":{"index":"index","follow":"follow","max-snippet":"max-snippet:-1","max-image-preview":"max-image-preview:large","max-video-preview":"max-video-preview:-1"},"canonical":"https:\/\/rolf-thalmann.de\/ro\/a-propos-de-nous\/","og_locale":"ro_RO","og_type":"article","og_title":"\u00c0 propos de nous - rolf-thalmann.de","og_description":"Notre blog est une source d\u2019inspiration pour tous ceux qui vivent et respirent la mode. Ici, nous explorons les derni\u00e8res","og_url":"https:\/\/rolf-thalmann.de\/ro\/a-propos-de-nous\/","og_site_name":"rolf-thalmann.de","article_modified_time":"2025-02-07T07:48:28+00:00","og_image":[{"url":"https:\/\/rolf-thalmann.de\/wp-content\/uploads\/2025\/02\/stilnaya-zrelaya-zhenshhina-progulivaetsya-vozle-gorodskogo-zdaniya-odetaya-v-dzhinsovye-bryuki-kargo.jpg"}],"twitter_card":"summary_large_image","twitter_misc":{"Timp estimat pentru citire":"2 minute"},"schema":{"@context":"https:\/\/schema.org","@graph":[{"@type":"WebPage","@id":"https:\/\/rolf-thalmann.de\/a-propos-de-nous\/","url":"https:\/\/rolf-thalmann.de\/a-propos-de-nous\/","name":"\u00c0 propos de nous - rolf-thalmann.de","isPartOf":{"@id":"https:\/\/rolf-thalmann.de\/#website"},"primaryImageOfPage":{"@id":"https:\/\/rolf-thalmann.de\/a-propos-de-nous\/#primaryimage"},"image":{"@id":"https:\/\/rolf-thalmann.de\/a-propos-de-nous\/#primaryimage"},"thumbnailUrl":"https:\/\/rolf-thalmann.de\/wp-content\/uploads\/2025\/02\/stilnaya-zrelaya-zhenshhina-progulivaetsya-vozle-gorodskogo-zdaniya-odetaya-v-dzhinsovye-bryuki-kargo.jpg","datePublished":"2025-02-06T15:25:12+00:00","dateModified":"2025-02-07T07:48:28+00:00","breadcrumb":{"@id":"https:\/\/rolf-thalmann.de\/a-propos-de-nous\/#breadcrumb"},"inLanguage":"ro-RO","potentialAction":[{"@type":"ReadAction","target":["https:\/\/rolf-thalmann.de\/a-propos-de-nous\/"]}]},{"@type":"ImageObject","inLanguage":"ro-RO","@id":"https:\/\/rolf-thalmann.de\/a-propos-de-nous\/#primaryimage","url":"https:\/\/rolf-thalmann.de\/wp-content\/uploads\/2025\/02\/stilnaya-zrelaya-zhenshhina-progulivaetsya-vozle-gorodskogo-zdaniya-odetaya-v-dzhinsovye-bryuki-kargo.jpg","contentUrl":"https:\/\/rolf-thalmann.de\/wp-content\/uploads\/2025\/02\/stilnaya-zrelaya-zhenshhina-progulivaetsya-vozle-gorodskogo-zdaniya-odetaya-v-dzhinsovye-bryuki-kargo.jpg"},{"@type":"BreadcrumbList","@id":"https:\/\/rolf-thalmann.de\/a-propos-de-nous\/#breadcrumb","itemListElement":[{"@type":"ListItem","position":1,"name":"Home","item":"https:\/\/rolf-thalmann.de\/"},{"@type":"ListItem","position":2,"name":"\u00c0 propos de nous"}]},{"@type":"WebSite","@id":"https:\/\/rolf-thalmann.de\/#website","url":"https:\/\/rolf-thalmann.de\/","name":"rolf-thalmann.de","description":"Style Parfait: Suivez les tendances et adoptez un look intemporel","potentialAction":[{"@type":"SearchAction","target":{"@type":"EntryPoint","urlTemplate":"https:\/\/rolf-thalmann.de\/?s={search_term_string}"},"query-input":"required name=search_term_string"}],"inLanguage":"ro-RO"}]}},"yoast_meta":{"yoast_wpseo_title":"","yoast_wpseo_metadesc":"","yoast_wpseo_canonical":"https:\/\/rolf-thalmann.de\/ro\/wp-json\/wp\/v2\/pages\/37"},"_links":{"self":[{"href":"https:\/\/rolf-thalmann.de\/ro\/wp-json\/wp\/v2\/pages\/37","targetHints":{"allow":["GET"]}}],"collection":[{"href":"https:\/\/rolf-thalmann.de\/ro\/wp-json\/wp\/v2\/pages"}],"about":[{"href":"https:\/\/rolf-thalmann.de\/ro\/wp-json\/wp\/v2\/types\/page"}],"author":[{"embeddable":true,"href":"https:\/\/rolf-thalmann.de\/ro\/wp-json\/wp\/v2\/users\/1"}],"replies":[{"embeddable":true,"href":"https:\/\/rolf-thalmann.de\/ro\/wp-json\/wp\/v2\/comments?post=37"}],"version-history":[{"count":1,"href":"https:\/\/rolf-thalmann.de\/ro\/wp-json\/wp\/v2\/pages\/37\/revisions"}],"predecessor-version":[{"id":43,"href":"https:\/\/rolf-thalmann.de\/ro\/wp-json\/wp\/v2\/pages\/37\/revisions\/43"}],"wp:attachment":[{"href":"https:\/\/rolf-thalmann.de\/ro\/wp-json\/wp\/v2\/media?parent=37"}],"curies":[{"name":"wp","href":"https:\/\/api.w.org\/{rel}","templated":true}]}}