{"id":38,"date":"2025-02-06T15:25:13","date_gmt":"2025-02-06T15:25:13","guid":{"rendered":"https:\/\/rolf-thalmann.de\/contacts\/"},"modified":"2025-02-07T07:48:49","modified_gmt":"2025-02-07T07:48:49","slug":"contacts","status":"publish","type":"page","link":"https:\/\/rolf-thalmann.de\/ro\/contacts\/","title":{"rendered":"Contacte"},"content":{"rendered":"<p>A\u0219tept\u0103m cu ner\u0103bdare \u00eentreb\u0103rile \u0219i sugestiile dumneavoastr\u0103 cu privire la blogul nostru de mod\u0103 \u0219i \u00eembr\u0103c\u0103minte. Nu ezita\u021bi s\u0103 ne contacta\u021bi prin e-mail sau folosind formularul de mai jos.<\/p>\n<h2>Adresa de e-mail<\/h2>\n<p>Pentru orice coresponden\u021b\u0103 electronic\u0103, v\u0103 rug\u0103m s\u0103 ne scrie\u021bi la adresa: <a href=\"mailto:contact@rolf-thalmann.de\">contact@rolf-thalmann.de<\/a><\/p>\n<h2>Formular de contact<\/h2>\n<form action=\"\/ro\/envoyer-message\/\" method=\"post\" data-trp-original-action=\"\/envoyer-message\">\n        <label for=\"nom\">Nume:<\/label><br \/>\n        <input type=\"text\" id=\"nom\" name=\"nom\" required><br \/>\n        <label for=\"email\">E-mail:<\/label><br \/>\n        <input type=\"email\" id=\"email\" name=\"email\" required><br \/>\n        <label for=\"message\">Mesaj:<\/label><br \/>\n        <textarea id=\"message\" name=\"message\" rows=\"5\" required><\/textarea><br \/>\n        <input type=\"submit\" value=\"Trimite\"><br \/>\n    <input type=\"hidden\" name=\"trp-form-language\" value=\"ro\"\/><\/form>","protected":false},"excerpt":{"rendered":"<p>A\u0219tept\u0103m cu ner\u0103bdare \u00eentreb\u0103rile \u0219i sugestiile dumneavoastr\u0103 cu privire la blogul nostru de mod\u0103 \u0219i \u00eembr\u0103c\u0103minte. V\u0103 rug\u0103m s\u0103 ne contacta\u021bi.<\/p>","protected":false},"author":1,"featured_media":0,"parent":0,"menu_order":0,"comment_status":"closed","ping_status":"closed","template":"","meta":{"_acf_changed":false,"footnotes":""},"class_list":["post-38","page","type-page","status-publish","hentry"],"acf":[],"yoast_head":"<!-- This site is optimized with the Yoast SEO plugin v23.2 - https:\/\/yoast.com\/wordpress\/plugins\/seo\/ -->\n<title>Contacts - rolf-thalmann.de<\/title>\n<meta name=\"description\" content=\"Contactez-nous pour toute question ou suggestion concernant notre blog de mode et d&#039;habillement.\" \/>\n<meta name=\"robots\" content=\"index, follow, max-snippet:-1, max-image-preview:large, max-video-preview:-1\" \/>\n<link rel=\"canonical\" href=\"https:\/\/rolf-thalmann.de\/ro\/contacts\/\" \/>\n<meta property=\"og:locale\" content=\"ro_RO\" \/>\n<meta property=\"og:type\" content=\"article\" \/>\n<meta property=\"og:title\" content=\"Contacts - rolf-thalmann.de\" \/>\n<meta property=\"og:description\" content=\"Contactez-nous pour toute question ou suggestion concernant notre blog de mode et d&#039;habillement.\" \/>\n<meta property=\"og:url\" content=\"https:\/\/rolf-thalmann.de\/ro\/contacts\/\" \/>\n<meta property=\"og:site_name\" content=\"rolf-thalmann.de\" \/>\n<meta property=\"article:modified_time\" content=\"2025-02-07T07:48:49+00:00\" \/>\n<meta name=\"twitter:card\" content=\"summary_large_image\" \/>\n<meta name=\"twitter:label1\" content=\"Timp estimat pentru citire\" \/>\n\t<meta name=\"twitter:data1\" content=\"1 minut\" \/>\n<script type=\"application\/ld+json\" class=\"yoast-schema-graph\">{\"@context\":\"https:\/\/schema.org\",\"@graph\":[{\"@type\":\"WebPage\",\"@id\":\"https:\/\/rolf-thalmann.de\/contacts\/\",\"url\":\"https:\/\/rolf-thalmann.de\/contacts\/\",\"name\":\"Contacts - rolf-thalmann.de\",\"isPartOf\":{\"@id\":\"https:\/\/rolf-thalmann.de\/#website\"},\"datePublished\":\"2025-02-06T15:25:13+00:00\",\"dateModified\":\"2025-02-07T07:48:49+00:00\",\"description\":\"Contactez-nous pour toute question ou suggestion concernant notre blog de mode et d'habillement.\",\"breadcrumb\":{\"@id\":\"https:\/\/rolf-thalmann.de\/contacts\/#breadcrumb\"},\"inLanguage\":\"ro-RO\",\"potentialAction\":[{\"@type\":\"ReadAction\",\"target\":[\"https:\/\/rolf-thalmann.de\/contacts\/\"]}]},{\"@type\":\"BreadcrumbList\",\"@id\":\"https:\/\/rolf-thalmann.de\/contacts\/#breadcrumb\",\"itemListElement\":[{\"@type\":\"ListItem\",\"position\":1,\"name\":\"Home\",\"item\":\"https:\/\/rolf-thalmann.de\/\"},{\"@type\":\"ListItem\",\"position\":2,\"name\":\"Contacts\"}]},{\"@type\":\"WebSite\",\"@id\":\"https:\/\/rolf-thalmann.de\/#website\",\"url\":\"https:\/\/rolf-thalmann.de\/\",\"name\":\"rolf-thalmann.de\",\"description\":\"Style Parfait: Suivez les tendances et adoptez un look intemporel\",\"potentialAction\":[{\"@type\":\"SearchAction\",\"target\":{\"@type\":\"EntryPoint\",\"urlTemplate\":\"https:\/\/rolf-thalmann.de\/?s={search_term_string}\"},\"query-input\":\"required name=search_term_string\"}],\"inLanguage\":\"ro-RO\"}]}<\/script>\n<!-- \/ Yoast SEO plugin. -->","yoast_head_json":{"title":"Contacts - rolf-thalmann.de","description":"Contactez-nous pour toute question ou suggestion concernant notre blog de mode et d'habillement.","robots":{"index":"index","follow":"follow","max-snippet":"max-snippet:-1","max-image-preview":"max-image-preview:large","max-video-preview":"max-video-preview:-1"},"canonical":"https:\/\/rolf-thalmann.de\/ro\/contacts\/","og_locale":"ro_RO","og_type":"article","og_title":"Contacts - rolf-thalmann.de","og_description":"Contactez-nous pour toute question ou suggestion concernant notre blog de mode et d'habillement.","og_url":"https:\/\/rolf-thalmann.de\/ro\/contacts\/","og_site_name":"rolf-thalmann.de","article_modified_time":"2025-02-07T07:48:49+00:00","twitter_card":"summary_large_image","twitter_misc":{"Timp estimat pentru citire":"1 minut"},"schema":{"@context":"https:\/\/schema.org","@graph":[{"@type":"WebPage","@id":"https:\/\/rolf-thalmann.de\/contacts\/","url":"https:\/\/rolf-thalmann.de\/contacts\/","name":"Contacts - rolf-thalmann.de","isPartOf":{"@id":"https:\/\/rolf-thalmann.de\/#website"},"datePublished":"2025-02-06T15:25:13+00:00","dateModified":"2025-02-07T07:48:49+00:00","description":"Contactez-nous pour toute question ou suggestion concernant notre blog de mode et d'habillement.","breadcrumb":{"@id":"https:\/\/rolf-thalmann.de\/contacts\/#breadcrumb"},"inLanguage":"ro-RO","potentialAction":[{"@type":"ReadAction","target":["https:\/\/rolf-thalmann.de\/contacts\/"]}]},{"@type":"BreadcrumbList","@id":"https:\/\/rolf-thalmann.de\/contacts\/#breadcrumb","itemListElement":[{"@type":"ListItem","position":1,"name":"Home","item":"https:\/\/rolf-thalmann.de\/"},{"@type":"ListItem","position":2,"name":"Contacts"}]},{"@type":"WebSite","@id":"https:\/\/rolf-thalmann.de\/#website","url":"https:\/\/rolf-thalmann.de\/","name":"rolf-thalmann.de","description":"Style Parfait: Suivez les tendances et adoptez un look intemporel","potentialAction":[{"@type":"SearchAction","target":{"@type":"EntryPoint","urlTemplate":"https:\/\/rolf-thalmann.de\/?s={search_term_string}"},"query-input":"required name=search_term_string"}],"inLanguage":"ro-RO"}]}},"yoast_meta":{"yoast_wpseo_title":"","yoast_wpseo_metadesc":"","yoast_wpseo_canonical":"https:\/\/rolf-thalmann.de\/ro\/wp-json\/wp\/v2\/pages\/38"},"_links":{"self":[{"href":"https:\/\/rolf-thalmann.de\/ro\/wp-json\/wp\/v2\/pages\/38","targetHints":{"allow":["GET"]}}],"collection":[{"href":"https:\/\/rolf-thalmann.de\/ro\/wp-json\/wp\/v2\/pages"}],"about":[{"href":"https:\/\/rolf-thalmann.de\/ro\/wp-json\/wp\/v2\/types\/page"}],"author":[{"embeddable":true,"href":"https:\/\/rolf-thalmann.de\/ro\/wp-json\/wp\/v2\/users\/1"}],"replies":[{"embeddable":true,"href":"https:\/\/rolf-thalmann.de\/ro\/wp-json\/wp\/v2\/comments?post=38"}],"version-history":[{"count":1,"href":"https:\/\/rolf-thalmann.de\/ro\/wp-json\/wp\/v2\/pages\/38\/revisions"}],"predecessor-version":[{"id":44,"href":"https:\/\/rolf-thalmann.de\/ro\/wp-json\/wp\/v2\/pages\/38\/revisions\/44"}],"wp:attachment":[{"href":"https:\/\/rolf-thalmann.de\/ro\/wp-json\/wp\/v2\/media?parent=38"}],"curies":[{"name":"wp","href":"https:\/\/api.w.org\/{rel}","templated":true}]}}